{"id":1708,"date":"2024-09-19T11:30:23","date_gmt":"2024-09-19T04:30:23","guid":{"rendered":"https:\/\/247visa.vn\/?page_id=1708"},"modified":"2024-09-19T11:58:22","modified_gmt":"2024-09-19T04:58:22","slug":"dich-vu-ho-chieu","status":"publish","type":"page","link":"https:\/\/247visa.vn\/en\/dich-vu-ho-chieu\/","title":{"rendered":"Passport Services"},"content":{"rendered":"<p class=\"has-black-color has-text-color has-link-color wp-elements-d3dc40231946ff14710840098a86170d\"><strong><mark style=\"background-color:rgba(0, 0, 0, 0)\" class=\"has-inline-color has-luminous-vivid-orange-color\">Passport<\/mark><\/strong> is an indispensable personal legal document for those who need to go abroad. However, until now, many people still do not know clearly what a passport is as well as the documents and procedures for making a passport. The detailed article below will certainly help you understand the basic information about Vietnamese passports along with some important notes based on the latest regulations of the current Law.<\/p>\n\n\n<div class=\"wp-block-image is-style-default\">\n<figure class=\"aligncenter size-full is-resized\"><img loading=\"lazy\" decoding=\"async\" width=\"960\" height=\"792\" src=\"https:\/\/247visa.vn\/247visa\/wp-content\/uploads\/2024\/09\/z5845630293370_4d5aa98a42fb47af38dd7ad4c0efcd98.jpg\" alt=\"\" class=\"wp-image-1710\" style=\"width:463px;height:auto\"\/><\/figure>\n<\/div>\n\n\n<p><mark style=\"background-color:rgba(0, 0, 0, 0)\" class=\"has-inline-color has-luminous-vivid-orange-color\"><strong>1. What is a passport?<\/strong><\/mark><br><mark style=\"background-color:rgba(0, 0, 0, 0)\" class=\"has-inline-color has-black-color\">Is a document owned by the State, issued by a competent authority of Vietnam for Vietnamese citizens to use for exit, entry, and to prove nationality and identity (Clause 3, Article 2).<\/mark>&nbsp;<a href=\"https:\/\/thuvienphapluat.vn\/van-ban\/Quyen-dan-su\/Luat-Xuat-canh-nhap-canh-cua-cong-dan-Viet-Nam-2019-402073.aspx\" target=\"_blank\" rel=\"noreferrer noopener\">Law on Exit and Entry of Vietnamese Citizens 2019<\/a>)<\/p>\n\n\n<div class=\"wp-block-image\">\n<figure class=\"alignleft size-full is-resized\"><img loading=\"lazy\" decoding=\"async\" width=\"666\" height=\"879\" src=\"https:\/\/247visa.vn\/247visa\/wp-content\/uploads\/2024\/09\/z5845739745119_d29bff97075e9eae248b78116fe55179.jpg\" alt=\"\" class=\"wp-image-1714\" style=\"width:267px;height:auto\"\/><\/figure>\n<\/div>\n\n\n<p class=\"has-black-color has-text-color has-link-color wp-elements-5526a7e672a7fffeb075a7f604340640\">The passport contains all the basic information, including:<br>&#8211; <mark style=\"background-color:rgba(0, 0, 0, 0)\" class=\"has-inline-color has-black-color\">Portrait; <\/mark><br>\u2013 Last name, middle name and first name; <br>\u2013 Date of birth; <br>\u2013 Gender; <br>- Nationality; <br>\u2013 Symbols and numbers of immigration documents; <br>\u2013 Date, month, year of issue, issuing authority; <br>\u2013 Expiry date; <br>\u2013 Personal identification number or identity card number; <br>\u2013 Position and title for diplomatic passports and official passports must comply with foreign affairs requirements. <br><mark style=\"background-color:rgba(0, 0, 0, 0)\" class=\"has-inline-color has-black-color\">*Passport languages include both Vietnamese and English.<\/mark><\/p>\n\n\n\n<p><br><\/p>\n\n\n\n<p><mark style=\"background-color:rgba(0, 0, 0, 0)\" class=\"has-inline-color has-luminous-vivid-orange-color\"><strong>2. Current new passport model<\/strong><\/mark><\/p>\n\n\n<div class=\"wp-block-image\">\n<figure class=\"alignleft size-full is-resized\"><img loading=\"lazy\" decoding=\"async\" width=\"1281\" height=\"1027\" src=\"https:\/\/247visa.vn\/247visa\/wp-content\/uploads\/2024\/09\/z5845662537320_04af2c46cf80d7303fcd5fc4c4499260.jpg\" alt=\"\" class=\"wp-image-1711\" style=\"width:363px;height:auto\"\/><\/figure>\n<\/div>\n\n\n<p class=\"has-black-color has-text-color has-link-color wp-elements-9485f2dea0751e801a68191292547397\">From July 1, 2022, the Ministry of Public Security will begin issuing new ordinary passports.<\/p>\n\n\n\n<p class=\"has-black-color has-text-color has-link-color wp-elements-53a148a0b1d6164512fd4f924e1e4db8\">Vietnamese citizens in the country and Vietnamese citizens abroad will begin to be issued new-model ordinary passports without electronic chips from July 1, 2022.<\/p>\n\n\n\n<p class=\"has-black-color has-text-color has-link-color wp-elements-6720d2f4e154b8e4430b63021e93183e\">Accordingly, the new ordinary passport model is implemented according to&nbsp;<a href=\"https:\/\/bocongan.gov.vn\/pbgdpl\/van-ban-quy-pham.html?ItemID=2606\" target=\"_blank\" rel=\"noreferrer noopener\">Circular No. 73\/2021\/TT-BCA<\/a>&nbsp;June 29, 2021 regulations on passports, travel documents and related forms.<\/p>\n\n\n\n<p class=\"has-black-color has-text-color has-link-color wp-elements-e19b404af764968680b0eee5450b1f79\">Compared to the old model, the new ordinary passport model has many improvements. The new passport model is elaborately designed, on each page are typical images of landscapes, symbols of national sovereignty, famous cultural heritages of the country such as: Ha Long Bay, Hue Imperial City, Hung Temple, Hoi An Ancient Town, My Son Sanctuary, Nha Rong Wharf, Lung Cu Flagpole, To Vo Gate - Ly Son Island..., contributing to affirming and promoting images of Vietnam to the world, showing the traditions, history, geography, and culture of Vietnam. Moreover, the new ordinary passport model ensures security techniques and is difficult to counterfeit.<\/p>\n\n\n\n<p class=\"has-black-color has-text-color has-link-color wp-elements-4f1e781334d3e6e2970ed14750bc2e41\">Citizens who were issued old passports before July 1, 2022 will continue to use them until the expiry date stated in the passport. Old passports issued after July 1, 2022 will no longer be valid.<\/p>\n\n\n\n<p class=\"has-black-color has-text-color has-link-color wp-elements-c43c16b5cd4ba07678433858ad744726\">The Ministry of Public Security has transferred new models of diplomatic, official, and ordinary passports without electronic chips to the Ministry of Foreign Affairs to notify Vietnamese representative agencies abroad, competent foreign agencies, and relevant international agencies and organizations.<\/p>\n\n\n\n<p class=\"has-black-color has-text-color has-link-color wp-elements-6794c5d1ec3b6478f2ab59642ef227c9\">For diplomatic, official, and ordinary passports with electronic chips, the Ministry of Public Security plans to issue them to citizens in the third quarter of 2022.<\/p>\n\n\n\n<p class=\"has-black-color has-text-color has-link-color wp-elements-fda6ebddbf7c5217202fe6d74b731ac1\"><strong><mark style=\"background-color:rgba(0, 0, 0, 0)\" class=\"has-inline-color has-luminous-vivid-orange-color\">3. Classification of passports by issuer and validity period<\/mark><\/strong><\/p>\n\n\n\n<p class=\"has-black-color has-text-color has-link-color wp-elements-ae0848025af7e6a0f800424cdf903756\">&nbsp;According to&nbsp;<a href=\"https:\/\/thuvienphapluat.vn\/van-ban\/Quyen-dan-su\/Thong-tu-73-2021-TT-BCA-mau-ho-chieu-giay-thong-hanh-va-cac-bieu-mau-lien-quan-480144.aspx\">Circular 73\/2021\/TT-BCA<\/a>Vietnam is currently issuing 3 types of passports including:<\/p>\n\n\n\n<figure class=\"wp-block-table\"><table class=\"has-fixed-layout\"><tbody><tr><td><strong>Passport type<\/strong><\/td><td><strong>Passport form<\/strong><\/td><td><strong>Subject of grant<\/strong><\/td><td><strong>Issuing authority<\/strong><\/td><td><strong>Duration<\/strong><\/td><\/tr><tr><td>Diplomatic passport<\/td><td>Reddish brown cover, 48 pages<\/td><td>Issued to high-ranking State officials as prescribed in Article 8 of the Law on Entry and Exit; assigned or permitted by competent authorities or persons to go abroad to perform work duties.<\/td><td>Consular Department of the Ministry of Foreign Affairs (in Hanoi) and Department of Foreign Affairs of Ho Chi Minh City (in Ho Chi Minh City), or Vietnamese Embassy\/Consulate General abroad<\/td><td>From 01 year to 05 years; Can be extended once for no more than 03 years<\/td><\/tr><tr><td>Official Passport<\/td><td>Dark green cover, 48 pages<\/td><td>Issued to subjects under Article 9 of the Law on Entry and Exit such as cadres, civil servants, public employees, police, military, etc. who are sent or permitted by competent agencies or individuals to go abroad to perform work duties.<\/td><td>Consular Department of the Ministry of Foreign Affairs (in Hanoi) and Department of Foreign Affairs of Ho Chi Minh City (in Ho Chi Minh City), or Vietnamese Embassy\/Consulate General abroad<\/td><td>From 01 year to 05 years; Can be extended once for no more than 03 years<\/td><\/tr><tr><td>Ordinary passport \u2013 type P passport (Popular Passport)<\/td><td>Purple cover page<\/td><td>Issued to Vietnamese citizens<\/td><td>Immigration Department of Provincial Police; Immigration Department of Ministry of Public Security, or Vietnamese Embassy\/Consulate General abroad<\/td><td>+ Ordinary passports issued to people aged 14 and over are valid for 10 years and cannot be renewed; include 48 pages.<br>+ Ordinary passports issued to persons under 14 years of age are valid for 05 years and cannot be renewed; consist of 48 pages.<br>+ Ordinary passports issued under simplified procedures are valid for no more than 12 months and cannot be extended, consisting of 12 pages.<\/td><\/tr><\/tbody><\/table><\/figure>\n\n\n\n<p class=\"has-black-color has-text-color has-link-color wp-elements-ad428a589893536fdf6497254f3ec942\">If you want to go abroad, getting a passport is mandatory. The procedures for getting a regular passport are also becoming shorter and simpler, making it more convenient and easier for citizens to get a new passport.&nbsp;<\/p>\n\n\n\n<p class=\"has-black-color has-text-color has-link-color wp-elements-cdf8e657f80efc7c1022750f4d4ca563\">For more information about passport services, please contact <strong><mark style=\"background-color:rgba(0, 0, 0, 0)\" class=\"has-inline-color has-luminous-vivid-orange-color\">Hotline: 0287 1015 246<\/mark><\/strong>&nbsp;for support<\/p>\n\n\n\n<p><\/p>","protected":false},"excerpt":{"rendered":"<p>H\u1ed9 chi\u1ebfu (Hay c\u00f2n g\u1ecdi l\u00e0 Passport) l\u00e0 gi\u1ea5y t\u1edd ph\u00e1p l\u00fd c\u00e1 nh\u00e2n kh\u00f4ng th\u1ec3 thi\u1ebfu v\u1edbi nh\u1eefng ai c\u00f3 nhu c\u1ea7u \u0111i n\u01b0\u1edbc ngo\u00e0i. Tuy nhi\u00ean, \u0111\u1ebfn nay v\u1eabn c\u00f3 nhi\u1ec1u ng\u01b0\u1eddi ch\u01b0a bi\u1ebft r\u00f5 h\u1ed9 chi\u1ebfu l\u00e0 g\u00ec c\u0169ng nh\u01b0 gi\u1ea5y t\u1edd, th\u1ee7 t\u1ee5c l\u00e0m h\u1ed9 chi\u1ebfu&#8230;.<\/p>","protected":false},"author":1,"featured_media":0,"parent":0,"menu_order":0,"comment_status":"closed","ping_status":"closed","template":"","meta":{"footnotes":""},"class_list":["post-1708","page","type-page","status-publish","hentry"],"_links":{"self":[{"href":"https:\/\/247visa.vn\/en\/wp-json\/wp\/v2\/pages\/1708","targetHints":{"allow":["GET"]}}],"collection":[{"href":"https:\/\/247visa.vn\/en\/wp-json\/wp\/v2\/pages"}],"about":[{"href":"https:\/\/247visa.vn\/en\/wp-json\/wp\/v2\/types\/page"}],"author":[{"embeddable":true,"href":"https:\/\/247visa.vn\/en\/wp-json\/wp\/v2\/users\/1"}],"replies":[{"embeddable":true,"href":"https:\/\/247visa.vn\/en\/wp-json\/wp\/v2\/comments?post=1708"}],"version-history":[{"count":10,"href":"https:\/\/247visa.vn\/en\/wp-json\/wp\/v2\/pages\/1708\/revisions"}],"predecessor-version":[{"id":1725,"href":"https:\/\/247visa.vn\/en\/wp-json\/wp\/v2\/pages\/1708\/revisions\/1725"}],"wp:attachment":[{"href":"https:\/\/247visa.vn\/en\/wp-json\/wp\/v2\/media?parent=1708"}],"curies":[{"name":"wp","href":"https:\/\/api.w.org\/{rel}","templated":true}]}}