{"id":1430,"date":"2023-08-18T09:50:26","date_gmt":"2023-08-18T09:50:26","guid":{"rendered":"https:\/\/247visa.vn\/?page_id=1430"},"modified":"2024-09-19T11:59:32","modified_gmt":"2024-09-19T04:59:32","slug":"cac-dich-vu-khac","status":"publish","type":"page","link":"https:\/\/247visa.vn\/en\/cac-dich-vu-khac\/","title":{"rendered":"OTHER SERVICES"},"content":{"rendered":"<div class=\"wp-block-image\">\n<figure class=\"aligncenter size-full is-resized\"><img loading=\"lazy\" decoding=\"async\" width=\"1080\" height=\"930\" src=\"https:\/\/247visa.vn\/247visa\/wp-content\/uploads\/2024\/09\/z4748657440007_f2e750f0fd2705083c88d805df1759f9.jpg\" alt=\"\" class=\"wp-image-1692\" style=\"width:442px;height:auto\"\/><\/figure>\n<\/div>\n\n\n<ul class=\"wp-block-list\">\n<li>Criminal record<\/li>\n\n\n\n<li>Consular Legalization<\/li>\n\n\n\n<li>Translation<\/li>\n\n\n\n<li><a href=\"https:\/\/247visa.vn\/en\/dich-vu-ho-chieu\/\" data-type=\"link\" data-id=\"https:\/\/247visa.vn\/dich-vu-ho-chieu\/\">Passport<\/a><\/li>\n\n\n\n<li><a href=\"https:\/\/247visa.vn\/en\/dua-tien-san-bay\/\" data-type=\"link\" data-id=\"https:\/\/247visa.vn\/dua-tien-san-bay\/\">Airport pick up\/drop off<\/a><\/li>\n\n\n\n<li>Vehicles going to the border gates<\/li>\n\n\n\n<li>Domestic and International Hotel Booking<\/li>\n\n\n\n<li>International SIM<\/li>\n<\/ul>\n\n\n\n<p class=\"has-vivid-red-color has-text-color has-link-color wp-elements-b368f83b3f73529c94c14a9d3628bfc5\">Dear Customers, please contact us. <strong>Hotline: 0287 1015 246<\/strong> for detailed support.<\/p>\n\n\n\n<p><\/p>","protected":false},"excerpt":{"rendered":"<p>Qu\u00fd Kh\u00e1ch h\u00e0ng vui l\u00f2ng li\u00ean h\u1ec7 Hotline: 0287 1015 246 \u0111\u1ec3 \u0111\u01b0\u1ee3c h\u1ed7 tr\u1ee3 chi ti\u1ebft.<\/p>","protected":false},"author":1,"featured_media":0,"parent":0,"menu_order":0,"comment_status":"closed","ping_status":"closed","template":"","meta":{"footnotes":""},"class_list":["post-1430","page","type-page","status-publish","hentry"],"_links":{"self":[{"href":"https:\/\/247visa.vn\/en\/wp-json\/wp\/v2\/pages\/1430","targetHints":{"allow":["GET"]}}],"collection":[{"href":"https:\/\/247visa.vn\/en\/wp-json\/wp\/v2\/pages"}],"about":[{"href":"https:\/\/247visa.vn\/en\/wp-json\/wp\/v2\/types\/page"}],"author":[{"embeddable":true,"href":"https:\/\/247visa.vn\/en\/wp-json\/wp\/v2\/users\/1"}],"replies":[{"embeddable":true,"href":"https:\/\/247visa.vn\/en\/wp-json\/wp\/v2\/comments?post=1430"}],"version-history":[{"count":4,"href":"https:\/\/247visa.vn\/en\/wp-json\/wp\/v2\/pages\/1430\/revisions"}],"predecessor-version":[{"id":1726,"href":"https:\/\/247visa.vn\/en\/wp-json\/wp\/v2\/pages\/1430\/revisions\/1726"}],"wp:attachment":[{"href":"https:\/\/247visa.vn\/en\/wp-json\/wp\/v2\/media?parent=1430"}],"curies":[{"name":"wp","href":"https:\/\/api.w.org\/{rel}","templated":true}]}}